{"id":2280,"date":"2016-05-18T20:41:12","date_gmt":"2016-05-18T20:41:12","guid":{"rendered":"http:\/\/educatecno.cl\/web\/?page_id=2280"},"modified":"2016-05-19T14:55:17","modified_gmt":"2016-05-19T14:55:17","slug":"aprender-a-aprender","status":"publish","type":"page","link":"https:\/\/www.educatecno.cl\/index.php\/aprender-a-aprender\/","title":{"rendered":"\u200b\u00bbDime y lo olvidar\u00e9. Ens\u00e9\u00f1ame y lo recordar\u00e9. Pero hazme part\u00edcipe y entonces aprender\u00e9\u00bb"},"content":{"rendered":"<div id=\"fb-root\"><\/div>\n<p><img loading=\"lazy\" decoding=\"async\" class=\"aligncenter size-large wp-image-2289\" src=\"https:\/\/www.educatecno.cl\/wp-content\/uploads\/2016\/05\/UnBuenMaestro-1024x720.jpg\" alt=\"UnBuenMaestro\" width=\"1024\" height=\"720\" srcset=\"https:\/\/www.educatecno.cl\/wp-content\/uploads\/2016\/05\/UnBuenMaestro-1024x720.jpg 1024w, https:\/\/www.educatecno.cl\/wp-content\/uploads\/2016\/05\/UnBuenMaestro-235x164.jpg 235w\" sizes=\"(max-width: 1024px) 100vw, 1024px\" \/><\/p>\n","protected":false},"excerpt":{"rendered":"","protected":false},"author":1,"featured_media":0,"parent":0,"menu_order":0,"comment_status":"closed","ping_status":"closed","template":"","meta":{"footnotes":""},"class_list":["post-2280","page","type-page","status-publish"],"_links":{"self":[{"href":"https:\/\/www.educatecno.cl\/index.php\/wp-json\/wp\/v2\/pages\/2280"}],"collection":[{"href":"https:\/\/www.educatecno.cl\/index.php\/wp-json\/wp\/v2\/pages"}],"about":[{"href":"https:\/\/www.educatecno.cl\/index.php\/wp-json\/wp\/v2\/types\/page"}],"author":[{"embeddable":true,"href":"https:\/\/www.educatecno.cl\/index.php\/wp-json\/wp\/v2\/users\/1"}],"replies":[{"embeddable":true,"href":"https:\/\/www.educatecno.cl\/index.php\/wp-json\/wp\/v2\/comments?post=2280"}],"version-history":[{"count":2,"href":"https:\/\/www.educatecno.cl\/index.php\/wp-json\/wp\/v2\/pages\/2280\/revisions"}],"predecessor-version":[{"id":2290,"href":"https:\/\/www.educatecno.cl\/index.php\/wp-json\/wp\/v2\/pages\/2280\/revisions\/2290"}],"wp:attachment":[{"href":"https:\/\/www.educatecno.cl\/index.php\/wp-json\/wp\/v2\/media?parent=2280"}],"curies":[{"name":"wp","href":"https:\/\/api.w.org\/{rel}","templated":true}]}}