{"id":2379,"date":"2016-06-03T11:53:07","date_gmt":"2016-06-03T15:53:07","guid":{"rendered":"http:\/\/educatecno.cl\/web\/?page_id=2379"},"modified":"2016-06-03T19:41:39","modified_gmt":"2016-06-03T23:41:39","slug":"diseno-web","status":"publish","type":"page","link":"https:\/\/www.educatecno.cl\/index.php\/diseno-web\/","title":{"rendered":"Dise\u00f1o Web"},"content":{"rendered":"<div id=\"fb-root\"><\/div>\n<p>Ofrecemos distintos servicios de dise\u00f1o, especialmente para colegios y particulares, entre los que destacan todos aquellos referidos a fotograf\u00eda e internet, por ejemplo:<\/p>\n<ul class=\"check\">\n<li>Dise\u00f1o web de sitios din\u00e1micos y autoadministrables. Con galer\u00eda de fotos, p\u00e1gina de contacto, noticias, etc.<\/li>\n<li>Cambiamos tu sitio web por uno con mejor dise\u00f1o.<\/li>\n<li><span style=\"line-height: 1.3em;\">Dise\u00f1amos tu blog personal en plataforma WordPress o Joomla y lo dejamos .cl<\/span><\/li>\n<li>Photoshop: Realizamos distintos trabajos con fotograf\u00edas: Collage, diplomas, fotomontajes para bautizos, d\u00eda de la madre, d\u00eda del padre, navidad, matrimonios, etc.<\/li>\n<li>Documentos para Web: Maquetamos documentos para web o para impresi\u00f3n: Boletines, folletos, men\u00fas, tr\u00edpticos, manuales, etc. Creamos sus documentos oficiales para que los puedan presentar en su sitio web<\/li>\n<li>Editamos videos y realizamos trabajo de Post Producci\u00f3n<\/li>\n<li>Creamos Videotutoriales<\/li>\n<\/ul>\n<h2>Nuestros Sitios Web<\/h2>\n<p>Estos son los sitios web que hemos dise\u00f1ado e implementado en su mayor\u00eda bajo plataforma Joomla.<\/p>\n<p>[widgetkit id=\u00bb6&#8243; name=\u00bbSitios Web\u00bb]<\/p>\n<p>&nbsp;<\/p>\n<p>&nbsp;<\/p>\n<h2 style=\"text-align: center;\">Para su Colegio o Negocio<\/h2>\n<hr \/>\n<div class=\"box-content\">\n<div class=\"grid-block grid-gutter\">\n<div class=\"grid-box width50\">\n<div>\n<p><img loading=\"lazy\" decoding=\"async\" class=\"size-full wp-image-2397 alignleft\" src=\"https:\/\/www.educatecno.cl\/wp-content\/uploads\/2016\/06\/features_warp_icon01.png\" alt=\"features_warp_icon01\" width=\"140\" height=\"130\" \/><\/p>\n<div class=\"bfc-o\">\n<h3 class=\"remove-margin\">Maquetaci\u00f3n de Documentos<\/h3>\n<p class=\"remove-margin-b\">Dise\u00f1amos flyer, tr\u00edpticos, d\u00edpticos, manuales y toda clase de documento para web o impresi\u00f3n.<\/p>\n<\/div>\n<\/div>\n<\/div>\n<div class=\"grid-box width50\">\n<div>\n<p>&nbsp;<\/p>\n<div class=\"bfc-o\">\n<h3 class=\"remove-margin\"><\/h3>\n<h3 class=\"remove-margin\" style=\"text-align: right;\">\u00a0<img loading=\"lazy\" decoding=\"async\" class=\"size-full wp-image-2396 alignright\" src=\"https:\/\/www.educatecno.cl\/wp-content\/uploads\/2016\/06\/features_warp_icon-02.png\" alt=\"features_warp_icon 02\" width=\"140\" height=\"130\" \/>Fotograf\u00eda<\/h3>\n<p class=\"remove-margin-b\" style=\"text-align: right;\">Realizamos distintos trabajos fotogr\u00e1ficos para regalos: d\u00eda de la madre, navidad, cumplea\u00f1os, etc.<\/p>\n<\/div>\n<\/div>\n<\/div>\n<\/div>\n<\/div>\n","protected":false},"excerpt":{"rendered":"<p>Ofrecemos distintos servicios de dise\u00f1o, especialmente para colegios y particulares, entre los que destacan todos aquellos referidos a fotograf\u00eda e internet, por ejemplo: Dise\u00f1o web de sitios din\u00e1micos y autoadministrables. Con galer\u00eda de fotos, p\u00e1gina de contacto, noticias, etc. Cambiamos tu sitio web por uno con mejor dise\u00f1o. Dise\u00f1amos tu blog personal en plataforma WordPress [&hellip;]<\/p>\n","protected":false},"author":1,"featured_media":0,"parent":0,"menu_order":0,"comment_status":"closed","ping_status":"closed","template":"","meta":{"footnotes":""},"class_list":["post-2379","page","type-page","status-publish"],"_links":{"self":[{"href":"https:\/\/www.educatecno.cl\/index.php\/wp-json\/wp\/v2\/pages\/2379"}],"collection":[{"href":"https:\/\/www.educatecno.cl\/index.php\/wp-json\/wp\/v2\/pages"}],"about":[{"href":"https:\/\/www.educatecno.cl\/index.php\/wp-json\/wp\/v2\/types\/page"}],"author":[{"embeddable":true,"href":"https:\/\/www.educatecno.cl\/index.php\/wp-json\/wp\/v2\/users\/1"}],"replies":[{"embeddable":true,"href":"https:\/\/www.educatecno.cl\/index.php\/wp-json\/wp\/v2\/comments?post=2379"}],"version-history":[{"count":8,"href":"https:\/\/www.educatecno.cl\/index.php\/wp-json\/wp\/v2\/pages\/2379\/revisions"}],"predecessor-version":[{"id":2403,"href":"https:\/\/www.educatecno.cl\/index.php\/wp-json\/wp\/v2\/pages\/2379\/revisions\/2403"}],"wp:attachment":[{"href":"https:\/\/www.educatecno.cl\/index.php\/wp-json\/wp\/v2\/media?parent=2379"}],"curies":[{"name":"wp","href":"https:\/\/api.w.org\/{rel}","templated":true}]}}